{"id":32,"date":"2024-12-05T20:07:16","date_gmt":"2024-12-05T20:07:16","guid":{"rendered":"https:\/\/boplus.dk\/services\/"},"modified":"2024-12-05T20:07:36","modified_gmt":"2024-12-05T20:07:36","slug":"services","status":"publish","type":"page","link":"https:\/\/baglokal.dk\/?page_id=32","title":{"rendered":"Services"},"content":{"rendered":"\n<div class=\"wp-block-uagb-container uagb-block-03b0edd2 alignfull uagb-is-root-container\"><div class=\"uagb-container-inner-blocks-wrap\">\n<div class=\"wp-block-uagb-advanced-heading uagb-block-f08b6f7a\"><h1 class=\"uagb-heading-text\">Bag med lokale, friske ingredienser<\/h1><p class=\"uagb-desc-text\">Opdag vores udvalg af tjenester, der g\u00f8r det muligt for dig at bage med de bedste lokale r\u00e5varer. Vi st\u00f8tter lokalsamfundet og tilbyder inspirerende opskrifter, s\u00e5 du kan nyde \u00e6gte, hjemmelavet bagv\u00e6rk.<\/p><\/div>\n<\/div><\/div>\n\n\n\n<div class=\"wp-block-uagb-container uagb-block-c333eb67 alignfull uagb-is-root-container\"><div class=\"uagb-container-inner-blocks-wrap\">\n<div class=\"wp-block-uagb-advanced-heading uagb-block-9c6ec963\"><h2 class=\"uagb-heading-text\">Bageopskrifter<\/h2><\/div>\n\n\n\n<div class=\"wp-block-uagb-container uagb-layout-grid uagb-block-fd76b66f\">\n<div class=\"wp-block-uagb-container uagb-block-90e7ae3a\">\n<div class=\"wp-block-uagb-image uagb-block-5387097c wp-block-uagb-image--layout-default wp-block-uagb-image--effect-static wp-block-uagb-image--align-none\"><figure class=\"wp-block-uagb-image__figure\"><img decoding=\"async\" srcset=\"https:\/\/baglokal.dk\/wp-content\/uploads\/2024\/12\/pexels-photo-7782955.jpeg ,https:\/\/baglokal.dk\/wp-content\/uploads\/2024\/12\/pexels-photo-7782955.jpeg 780w, https:\/\/baglokal.dk\/wp-content\/uploads\/2024\/12\/pexels-photo-7782955.jpeg 360w\" sizes=\"auto, (max-width: 480px) 150px\" src=\"https:\/\/baglokal.dk\/wp-content\/uploads\/2024\/12\/pexels-photo-7782955.jpeg\" alt=\"\" class=\"uag-image-7\" width=\"655\" height=\"400\" title=\"photography-service-01\" loading=\"lazy\" role=\"img\"\/><\/figure><\/div>\n\n\n\n<div class=\"wp-block-uagb-advanced-heading uagb-block-2bef7bc1\"><h3 class=\"uagb-heading-text\">Kursus i bagning<\/h3><p class=\"uagb-desc-text\">Deltag i vores bagekurser, hvor vi l\u00e6rer dig kunsten at bage med lokale ingredienser. Kurserne er tilpasset b\u00e5de begyndere og erfarne bagere, s\u00e5 alle kan v\u00e6re med. Kom og f\u00e5 en sjov dag med bagegl\u00e6de!<\/p><\/div>\n\n\n\n<div class=\"wp-block-uagb-icon-list uagb-block-660647cc\"><div class=\"uagb-icon-list__wrap\">\n<div class=\"wp-block-uagb-icon-list-child uagb-block-aa1eecec\"><span class=\"uagb-icon-list__source-wrap\"><svg xmlns=\"https:\/\/www.w3.org\/2000\/svg\" viewBox=\"0 0 512 512\"><path d=\"M512 256C512 397.4 397.4 512 256 512C114.6 512 0 397.4 0 256C0 114.6 114.6 0 256 0C397.4 0 512 114.6 512 256z\"><\/path><\/svg><\/span><span class=\"uagb-icon-list__label\">L\u00e6r af erfarne bagere<\/span><\/div>\n\n\n\n<div class=\"wp-block-uagb-icon-list-child uagb-block-4ebb0a3a\"><span class=\"uagb-icon-list__source-wrap\"><svg xmlns=\"https:\/\/www.w3.org\/2000\/svg\" viewBox=\"0 0 512 512\"><path d=\"M512 256C512 397.4 397.4 512 256 512C114.6 512 0 397.4 0 256C0 114.6 114.6 0 256 0C397.4 0 512 114.6 512 256z\"><\/path><\/svg><\/span><span class=\"uagb-icon-list__label\">Brug af lokale, friske ingredienser<\/span><\/div>\n\n\n\n<div class=\"wp-block-uagb-icon-list-child uagb-block-7d1e2480\"><span class=\"uagb-icon-list__source-wrap\"><svg xmlns=\"https:\/\/www.w3.org\/2000\/svg\" viewBox=\"0 0 512 512\"><path d=\"M512 256C512 397.4 397.4 512 256 512C114.6 512 0 397.4 0 256C0 114.6 114.6 0 256 0C397.4 0 512 114.6 512 256z\"><\/path><\/svg><\/span><span class=\"uagb-icon-list__label\">Tilpasset niveau for alle deltagere<\/span><\/div>\n<\/div><\/div>\n<\/div>\n\n\n\n<div class=\"wp-block-uagb-container uagb-block-84cde6da\">\n<div class=\"wp-block-uagb-image uagb-block-3106ff99 wp-block-uagb-image--layout-default wp-block-uagb-image--effect-static wp-block-uagb-image--align-none\"><figure class=\"wp-block-uagb-image__figure\"><img decoding=\"async\" srcset=\"https:\/\/baglokal.dk\/wp-content\/uploads\/2024\/12\/pexels-photo-8003946.jpeg ,https:\/\/baglokal.dk\/wp-content\/uploads\/2024\/12\/pexels-photo-8003946.jpeg 780w, https:\/\/baglokal.dk\/wp-content\/uploads\/2024\/12\/pexels-photo-8003946.jpeg 360w\" sizes=\"auto, (max-width: 480px) 150px\" src=\"https:\/\/baglokal.dk\/wp-content\/uploads\/2024\/12\/pexels-photo-8003946.jpeg\" alt=\"\" class=\"uag-image-8\" width=\"655\" height=\"450\" title=\"photography-service-02\" loading=\"lazy\" role=\"img\"\/><\/figure><\/div>\n\n\n\n<div class=\"wp-block-uagb-advanced-heading uagb-block-60047d35\"><h3 class=\"uagb-heading-text\">Inspiration til opskrifter<\/h3><p class=\"uagb-desc-text\">F\u00e5 adgang til et v\u00e6ld af inspirerende opskrifter, der fremh\u00e6ver lokale r\u00e5varer. Uanset om du s\u00f8ger klassiske eller moderne retter, vil vores opskriftsdatabase give dig id\u00e9er til l\u00e6kkert bagv\u00e6rk hele \u00e5ret rundt.<\/p><\/div>\n\n\n\n<div class=\"wp-block-uagb-icon-list uagb-block-abc18a88\"><div class=\"uagb-icon-list__wrap\">\n<div class=\"wp-block-uagb-icon-list-child uagb-block-be34eebe\"><span class=\"uagb-icon-list__source-wrap\"><svg xmlns=\"https:\/\/www.w3.org\/2000\/svg\" viewBox=\"0 0 512 512\"><path d=\"M512 256C512 397.4 397.4 512 256 512C114.6 512 0 397.4 0 256C0 114.6 114.6 0 256 0C397.4 0 512 114.6 512 256z\"><\/path><\/svg><\/span><span class=\"uagb-icon-list__label\">Skab unikke lokale bagv\u00e6rk<\/span><\/div>\n\n\n\n<div class=\"wp-block-uagb-icon-list-child uagb-block-4a3b1358\"><span class=\"uagb-icon-list__source-wrap\"><svg xmlns=\"https:\/\/www.w3.org\/2000\/svg\" viewBox=\"0 0 512 512\"><path d=\"M512 256C512 397.4 397.4 512 256 512C114.6 512 0 397.4 0 256C0 114.6 114.6 0 256 0C397.4 0 512 114.6 512 256z\"><\/path><\/svg><\/span><span class=\"uagb-icon-list__label\">Udforsk s\u00e6sonens bedste ingredienser<\/span><\/div>\n\n\n\n<div class=\"wp-block-uagb-icon-list-child uagb-block-fadac3c3\"><span class=\"uagb-icon-list__source-wrap\"><svg xmlns=\"https:\/\/www.w3.org\/2000\/svg\" viewBox=\"0 0 512 512\"><path d=\"M512 256C512 397.4 397.4 512 256 512C114.6 512 0 397.4 0 256C0 114.6 114.6 0 256 0C397.4 0 512 114.6 512 256z\"><\/path><\/svg><\/span><span class=\"uagb-icon-list__label\">F\u00e5 tips fra eksperter<\/span><\/div>\n<\/div><\/div>\n<\/div>\n\n\n\n<div class=\"wp-block-uagb-container uagb-block-9bd0cd80\">\n<div class=\"wp-block-uagb-image uagb-block-71742572 wp-block-uagb-image--layout-default wp-block-uagb-image--effect-static wp-block-uagb-image--align-none\"><figure class=\"wp-block-uagb-image__figure\"><img decoding=\"async\" srcset=\"https:\/\/baglokal.dk\/wp-content\/uploads\/2024\/12\/pexels-photo-3663347.jpeg ,https:\/\/baglokal.dk\/wp-content\/uploads\/2024\/12\/pexels-photo-3663347.jpeg 780w, https:\/\/baglokal.dk\/wp-content\/uploads\/2024\/12\/pexels-photo-3663347.jpeg 360w\" sizes=\"auto, (max-width: 480px) 150px\" src=\"https:\/\/baglokal.dk\/wp-content\/uploads\/2024\/12\/pexels-photo-3663347.jpeg\" alt=\"\" class=\"uag-image-9\" width=\"655\" height=\"430\" title=\"photography-service-03\" loading=\"lazy\" role=\"img\"\/><\/figure><\/div>\n\n\n\n<div class=\"wp-block-uagb-advanced-heading uagb-block-7284dd06\"><h3 class=\"uagb-heading-text\">Lokale samarbejder<\/h3><p class=\"uagb-desc-text\">Vi arbejder t\u00e6t sammen med lokale producenter for at sikre de bedste og mest friske ingredienser. Ved at st\u00f8tte hinanden kan vi skabe et st\u00e6rkere f\u00e6llesskab og pr\u00e6sentere det bedste, som vores region har at byde p\u00e5.<\/p><\/div>\n\n\n\n<div class=\"wp-block-uagb-icon-list uagb-block-a9c7eeef\"><div class=\"uagb-icon-list__wrap\">\n<div class=\"wp-block-uagb-icon-list-child uagb-block-7b522830\"><span class=\"uagb-icon-list__source-wrap\"><svg xmlns=\"https:\/\/www.w3.org\/2000\/svg\" viewBox=\"0 0 512 512\"><path d=\"M512 256C512 397.4 397.4 512 256 512C114.6 512 0 397.4 0 256C0 114.6 114.6 0 256 0C397.4 0 512 114.6 512 256z\"><\/path><\/svg><\/span><span class=\"uagb-icon-list__label\">Underst\u00f8t lokale landm\u00e6nd<\/span><\/div>\n\n\n\n<div class=\"wp-block-uagb-icon-list-child uagb-block-ed87026c\"><span class=\"uagb-icon-list__source-wrap\"><svg xmlns=\"https:\/\/www.w3.org\/2000\/svg\" viewBox=\"0 0 512 512\"><path d=\"M512 256C512 397.4 397.4 512 256 512C114.6 512 0 397.4 0 256C0 114.6 114.6 0 256 0C397.4 0 512 114.6 512 256z\"><\/path><\/svg><\/span><span class=\"uagb-icon-list__label\">B\u00e6redygtige praksisser i fokus<\/span><\/div>\n\n\n\n<div class=\"wp-block-uagb-icon-list-child uagb-block-d620a1f3\"><span class=\"uagb-icon-list__source-wrap\"><svg xmlns=\"https:\/\/www.w3.org\/2000\/svg\" viewBox=\"0 0 512 512\"><path d=\"M512 256C512 397.4 397.4 512 256 512C114.6 512 0 397.4 0 256C0 114.6 114.6 0 256 0C397.4 0 512 114.6 512 256z\"><\/path><\/svg><\/span><span class=\"uagb-icon-list__label\">Deling af f\u00e6lles v\u00e6rdier<\/span><\/div>\n<\/div><\/div>\n<\/div>\n\n\n\n<div class=\"wp-block-uagb-container uagb-block-5bf6b693\">\n<div class=\"wp-block-uagb-image uagb-block-d73296d9 wp-block-uagb-image--layout-default wp-block-uagb-image--effect-static wp-block-uagb-image--align-none\"><figure class=\"wp-block-uagb-image__figure\"><img decoding=\"async\" srcset=\"https:\/\/baglokal.dk\/wp-content\/uploads\/2024\/12\/pexels-photo-7613429.jpeg ,https:\/\/baglokal.dk\/wp-content\/uploads\/2024\/12\/pexels-photo-7613429.jpeg 780w, https:\/\/baglokal.dk\/wp-content\/uploads\/2024\/12\/pexels-photo-7613429.jpeg 360w\" sizes=\"auto, (max-width: 480px) 150px\" src=\"https:\/\/baglokal.dk\/wp-content\/uploads\/2024\/12\/pexels-photo-7613429.jpeg\" alt=\"\" class=\"uag-image-10\" width=\"655\" height=\"400\" title=\"photography-service-04\" loading=\"lazy\" role=\"img\"\/><\/figure><\/div>\n\n\n\n<div class=\"wp-block-uagb-advanced-heading uagb-block-b55a2c1f\"><h3 class=\"uagb-heading-text\">Events og workshops<\/h3><p class=\"uagb-desc-text\">Deltag i vores events og workshops, hvor vi fejrer lokal bagekunst og -skabelse. Vi arrangerer forskellige events, der giver dig mulighed for at netv\u00e6rke med andre bageentusiaster og dele din passion for bagning.<\/p><\/div>\n\n\n\n<div class=\"wp-block-uagb-icon-list uagb-block-6f47b862\"><div class=\"uagb-icon-list__wrap\">\n<div class=\"wp-block-uagb-icon-list-child uagb-block-b90ea271\"><span class=\"uagb-icon-list__source-wrap\"><svg xmlns=\"https:\/\/www.w3.org\/2000\/svg\" viewBox=\"0 0 512 512\"><path d=\"M512 256C512 397.4 397.4 512 256 512C114.6 512 0 397.4 0 256C0 114.6 114.6 0 256 0C397.4 0 512 114.6 512 256z\"><\/path><\/svg><\/span><span class=\"uagb-icon-list__label\">Forbind med bagef\u00e6llesskabet<\/span><\/div>\n\n\n\n<div class=\"wp-block-uagb-icon-list-child uagb-block-ab8192df\"><span class=\"uagb-icon-list__source-wrap\"><svg xmlns=\"https:\/\/www.w3.org\/2000\/svg\" viewBox=\"0 0 512 512\"><path d=\"M512 256C512 397.4 397.4 512 256 512C114.6 512 0 397.4 0 256C0 114.6 114.6 0 256 0C397.4 0 512 114.6 512 256z\"><\/path><\/svg><\/span><span class=\"uagb-icon-list__label\">Nyt\u00e6nkning af bageoplevelser<\/span><\/div>\n\n\n\n<div class=\"wp-block-uagb-icon-list-child uagb-block-45b42419\"><span class=\"uagb-icon-list__source-wrap\"><svg xmlns=\"https:\/\/www.w3.org\/2000\/svg\" viewBox=\"0 0 512 512\"><path d=\"M512 256C512 397.4 397.4 512 256 512C114.6 512 0 397.4 0 256C0 114.6 114.6 0 256 0C397.4 0 512 114.6 512 256z\"><\/path><\/svg><\/span><span class=\"uagb-icon-list__label\">Unikke arrangementer i hele \u00e5ret<\/span><\/div>\n<\/div><\/div>\n<\/div>\n<\/div>\n<\/div><\/div>\n\n\n\n<div class=\"wp-block-uagb-container uagb-block-a0200235 alignfull uagb-is-root-container\"><div class=\"uagb-container-inner-blocks-wrap\">\n<div class=\"wp-block-uagb-call-to-action uagb-block-c9597051 wp-block-button\"><div class=\"uagb-cta__wrap\"><h2 class=\"uagb-cta__title\">Se vores seneste arbejde p\u00e5 Instagram<\/h2><\/div><div class=\"uagb-cta__buttons\"><a href=\"#\" class=\"uagb-cta__button-link-wrapper wp-block-button__link\" target=\"_self\" rel=\"noopener noreferrer\">F\u00f8lg os p\u00e5 Instagram<\/a><\/div><\/div>\n\n\n\n<div class=\"wp-block-uagb-container uagb-layout-grid uagb-block-1e9a4002\">\n<div class=\"wp-block-uagb-image uagb-block-4675924b wp-block-uagb-image--layout-default wp-block-uagb-image--effect-static wp-block-uagb-image--align-none\"><figure class=\"wp-block-uagb-image__figure\"><img decoding=\"async\" srcset=\"https:\/\/baglokal.dk\/wp-content\/uploads\/2024\/12\/pexels-photo-7613429.jpeg ,https:\/\/baglokal.dk\/wp-content\/uploads\/2024\/12\/pexels-photo-7613429.jpeg 780w, https:\/\/baglokal.dk\/wp-content\/uploads\/2024\/12\/pexels-photo-7613429.jpeg 360w\" sizes=\"auto, (max-width: 480px) 150px\" src=\"https:\/\/baglokal.dk\/wp-content\/uploads\/2024\/12\/pexels-photo-7613429.jpeg\" alt=\"\" class=\"uag-image-10\" width=\"262\" height=\"262\" title=\"my-work-01\" loading=\"lazy\" role=\"img\"\/><\/figure><\/div>\n\n\n\n<div class=\"wp-block-uagb-image uagb-block-6fe0df3f wp-block-uagb-image--layout-default wp-block-uagb-image--effect-static wp-block-uagb-image--align-none\"><figure class=\"wp-block-uagb-image__figure\"><img decoding=\"async\" srcset=\"https:\/\/baglokal.dk\/wp-content\/uploads\/2024\/12\/pexels-photo-26925530.jpeg ,https:\/\/baglokal.dk\/wp-content\/uploads\/2024\/12\/pexels-photo-26925530.jpeg 780w, https:\/\/baglokal.dk\/wp-content\/uploads\/2024\/12\/pexels-photo-26925530.jpeg 360w\" sizes=\"auto, (max-width: 480px) 150px\" src=\"https:\/\/baglokal.dk\/wp-content\/uploads\/2024\/12\/pexels-photo-26925530.jpeg\" alt=\"\" class=\"uag-image-11\" width=\"262\" height=\"262\" title=\"my-work-02\" loading=\"lazy\" role=\"img\"\/><\/figure><\/div>\n\n\n\n<div class=\"wp-block-uagb-image uagb-block-37cfb130 wp-block-uagb-image--layout-default wp-block-uagb-image--effect-static wp-block-uagb-image--align-none\"><figure class=\"wp-block-uagb-image__figure\"><img decoding=\"async\" srcset=\"https:\/\/baglokal.dk\/wp-content\/uploads\/2024\/12\/pexels-photo-7782955.jpeg ,https:\/\/baglokal.dk\/wp-content\/uploads\/2024\/12\/pexels-photo-7782955.jpeg 780w, https:\/\/baglokal.dk\/wp-content\/uploads\/2024\/12\/pexels-photo-7782955.jpeg 360w\" sizes=\"auto, (max-width: 480px) 150px\" src=\"https:\/\/baglokal.dk\/wp-content\/uploads\/2024\/12\/pexels-photo-7782955.jpeg\" alt=\"\" class=\"uag-image-7\" width=\"262\" height=\"262\" title=\"my-work-03\" loading=\"lazy\" role=\"img\"\/><\/figure><\/div>\n\n\n\n<div class=\"wp-block-uagb-image uagb-block-31249b68 wp-block-uagb-image--layout-default wp-block-uagb-image--effect-static wp-block-uagb-image--align-none\"><figure class=\"wp-block-uagb-image__figure\"><img decoding=\"async\" srcset=\"https:\/\/baglokal.dk\/wp-content\/uploads\/2024\/12\/pexels-photo-8003946.jpeg ,https:\/\/baglokal.dk\/wp-content\/uploads\/2024\/12\/pexels-photo-8003946.jpeg 780w, https:\/\/baglokal.dk\/wp-content\/uploads\/2024\/12\/pexels-photo-8003946.jpeg 360w\" sizes=\"auto, (max-width: 480px) 150px\" src=\"https:\/\/baglokal.dk\/wp-content\/uploads\/2024\/12\/pexels-photo-8003946.jpeg\" alt=\"\" class=\"uag-image-8\" width=\"262\" height=\"262\" title=\"my-work-04\" loading=\"lazy\" role=\"img\"\/><\/figure><\/div>\n\n\n\n<div class=\"wp-block-uagb-image uagb-block-4f36728d wp-block-uagb-image--layout-default wp-block-uagb-image--effect-static wp-block-uagb-image--align-none uag-hide-tab\"><figure class=\"wp-block-uagb-image__figure\"><img decoding=\"async\" srcset=\"https:\/\/baglokal.dk\/wp-content\/uploads\/2024\/12\/pexels-photo-3663347.jpeg ,https:\/\/baglokal.dk\/wp-content\/uploads\/2024\/12\/pexels-photo-3663347.jpeg 780w, https:\/\/baglokal.dk\/wp-content\/uploads\/2024\/12\/pexels-photo-3663347.jpeg 360w\" sizes=\"auto, (max-width: 480px) 150px\" src=\"https:\/\/baglokal.dk\/wp-content\/uploads\/2024\/12\/pexels-photo-3663347.jpeg\" alt=\"\" class=\"uag-image-9\" width=\"262\" height=\"262\" title=\"my-work-05\" loading=\"lazy\" role=\"img\"\/><\/figure><\/div>\n<\/div>\n<\/div><\/div>\n\n\n\n<div class=\"wp-block-uagb-container uagb-block-9f047c00 alignfull uagb-is-root-container\"><div class=\"uagb-container-inner-blocks-wrap\">\n<div class=\"wp-block-uagb-container uagb-block-8ac3f7a9\">\n<div class=\"wp-block-uagb-info-box uagb-block-8023fb24 uagb-infobox__content-wrap  uagb-infobox-icon-above-title uagb-infobox-image-valign-top\"><div class=\"uagb-ifb-content\"><div class=\"uagb-ifb-title-wrap\"><h2 class=\"uagb-ifb-title\">Bliv en del af vores bagesamfund!<\/h2><\/div><p class=\"uagb-ifb-desc\">Tilmeld dig vores nyhedsbrev og modtag de nyeste opskrifter, kurser og tilbud direkte i din indbakke.<\/p><div class=\"uagb-ifb-button-wrapper wp-block-button\"><a href=\"#\" class=\"uagb-infobox-cta-link wp-block-button__link\" target=\"_self\" rel=\"noopener noreferrer\" onclick=\"return false;\"><span class=\"uagb-inline-editing\">Start at bage<\/span><\/a><\/div><\/div><\/div>\n<\/div>\n<\/div><\/div>\n","protected":false},"excerpt":{"rendered":"<p>Bag med lokale, friske ingredienser Opdag vores udvalg af tjenester, der g\u00f8r det muligt for dig at bage med de [&hellip;]<\/p>\n","protected":false},"author":1,"featured_media":0,"parent":0,"menu_order":0,"comment_status":"closed","ping_status":"closed","template":"","meta":{"_uag_custom_page_level_css":"","site-sidebar-layout":"default","site-content-layout":"","ast-site-content-layout":"","site-content-style":"default","site-sidebar-style":"default","ast-global-header-display":"","ast-banner-title-visibility":"","ast-main-header-display":"","ast-hfb-above-header-display":"","ast-hfb-below-header-display":"","ast-hfb-mobile-header-display":"","site-post-title":"disabled","ast-breadcrumbs-content":"","ast-featured-img":"","footer-sml-layout":"","theme-transparent-header-meta":"","adv-header-id-meta":"","stick-header-meta":"","header-above-stick-meta":"","header-main-stick-meta":"","header-below-stick-meta":"","astra-migrate-meta-layouts":"default","ast-page-background-enabled":"default","ast-page-background-meta":{"desktop":{"background-color":"var(--ast-global-color-4)","background-image":"","background-repeat":"repeat","background-position":"center center","background-size":"auto","background-attachment":"scroll","background-type":"","background-media":"","overlay-type":"","overlay-color":"","overlay-opacity":"","overlay-gradient":""},"tablet":{"background-color":"","background-image":"","background-repeat":"repeat","background-position":"center center","background-size":"auto","background-attachment":"scroll","background-type":"","background-media":"","overlay-type":"","overlay-color":"","overlay-opacity":"","overlay-gradient":""},"mobile":{"background-color":"","background-image":"","background-repeat":"repeat","background-position":"center center","background-size":"auto","background-attachment":"scroll","background-type":"","background-media":"","overlay-type":"","overlay-color":"","overlay-opacity":"","overlay-gradient":""}},"ast-content-background-meta":{"desktop":{"background-color":"var(--ast-global-color-5)","background-image":"","background-repeat":"repeat","background-position":"center center","background-size":"auto","background-attachment":"scroll","background-type":"","background-media":"","overlay-type":"","overlay-color":"","overlay-opacity":"","overlay-gradient":""},"tablet":{"background-color":"var(--ast-global-color-5)","background-image":"","background-repeat":"repeat","background-position":"center center","background-size":"auto","background-attachment":"scroll","background-type":"","background-media":"","overlay-type":"","overlay-color":"","overlay-opacity":"","overlay-gradient":""},"mobile":{"background-color":"var(--ast-global-color-5)","background-image":"","background-repeat":"repeat","background-position":"center center","background-size":"auto","background-attachment":"scroll","background-type":"","background-media":"","overlay-type":"","overlay-color":"","overlay-opacity":"","overlay-gradient":""}},"footnotes":""},"class_list":["post-32","page","type-page","status-publish","hentry"],"uagb_featured_image_src":{"full":false,"thumbnail":false,"medium":false,"medium_large":false,"large":false,"1536x1536":false,"2048x2048":false},"uagb_author_info":{"display_name":"admin","author_link":"https:\/\/baglokal.dk\/?author=1"},"uagb_comment_info":0,"uagb_excerpt":"Bag med lokale, friske ingredienser Opdag vores udvalg af tjenester, der g\u00f8r det muligt for dig at bage med de [&hellip;]","_links":{"self":[{"href":"https:\/\/baglokal.dk\/index.php?rest_route=\/wp\/v2\/pages\/32","targetHints":{"allow":["GET"]}}],"collection":[{"href":"https:\/\/baglokal.dk\/index.php?rest_route=\/wp\/v2\/pages"}],"about":[{"href":"https:\/\/baglokal.dk\/index.php?rest_route=\/wp\/v2\/types\/page"}],"author":[{"embeddable":true,"href":"https:\/\/baglokal.dk\/index.php?rest_route=\/wp\/v2\/users\/1"}],"replies":[{"embeddable":true,"href":"https:\/\/baglokal.dk\/index.php?rest_route=%2Fwp%2Fv2%2Fcomments&post=32"}],"version-history":[{"count":2,"href":"https:\/\/baglokal.dk\/index.php?rest_route=\/wp\/v2\/pages\/32\/revisions"}],"predecessor-version":[{"id":606,"href":"https:\/\/baglokal.dk\/index.php?rest_route=\/wp\/v2\/pages\/32\/revisions\/606"}],"wp:attachment":[{"href":"https:\/\/baglokal.dk\/index.php?rest_route=%2Fwp%2Fv2%2Fmedia&parent=32"}],"curies":[{"name":"wp","href":"https:\/\/api.w.org\/{rel}","templated":true}]}}