{"id":34,"date":"2024-12-05T20:07:17","date_gmt":"2024-12-05T20:07:17","guid":{"rendered":"https:\/\/boplus.dk\/about\/"},"modified":"2024-12-05T20:07:36","modified_gmt":"2024-12-05T20:07:36","slug":"about","status":"publish","type":"page","link":"https:\/\/baglokal.dk\/?page_id=34","title":{"rendered":"About"},"content":{"rendered":"\n<div class=\"wp-block-uagb-container uagb-block-03b0edd2 alignfull uagb-is-root-container\"><div class=\"uagb-container-inner-blocks-wrap\">\n<div class=\"wp-block-uagb-advanced-heading uagb-block-f08b6f7a\"><h1 class=\"uagb-heading-text\">Bag med lokale ingredienser og samfund<\/h1><p class=\"uagb-desc-text\">Oplev gl\u00e6den ved at bage med friske, lokale ingredienser. Bag Lokal bringer bagere sammen for at st\u00f8tte lokale producenter og skabe unikke smagsoplevelser i et b\u00e6redygtigt f\u00e6llesskab.<\/p><\/div>\n<\/div><\/div>\n\n\n\n<div class=\"wp-block-uagb-container uagb-block-38cfac96 alignfull uagb-is-root-container\"><div class=\"uagb-container-inner-blocks-wrap\">\n<div class=\"wp-block-uagb-advanced-heading uagb-block-640bf114\"><h2 class=\"uagb-heading-text\">Om Bag Lokal &#8211; Et hyggeligt bagerf\u00e6llesskab<\/h2><\/div>\n\n\n\n<div class=\"wp-block-uagb-container uagb-layout-grid uagb-block-38ff99ba\">\n<div class=\"wp-block-uagb-container uagb-layout-flex uagb-block-b0c97407\">\n<div class=\"wp-block-uagb-image alignleft uagb-block-3f79dfa0 wp-block-uagb-image--layout-default wp-block-uagb-image--effect-static wp-block-uagb-image--align-left\"><figure class=\"wp-block-uagb-image__figure\"><img decoding=\"async\" srcset=\"https:\/\/baglokal.dk\/wp-content\/uploads\/2024\/12\/pexels-photo-26925530.jpeg ,https:\/\/baglokal.dk\/wp-content\/uploads\/2024\/12\/pexels-photo-26925530.jpeg 780w, https:\/\/baglokal.dk\/wp-content\/uploads\/2024\/12\/pexels-photo-26925530.jpeg 360w\" sizes=\"auto, (max-width: 480px) 150px\" src=\"https:\/\/baglokal.dk\/wp-content\/uploads\/2024\/12\/pexels-photo-26925530.jpeg\" alt=\"\" class=\"uag-image-11\" width=\"810\" height=\"500\" title=\"about-img-01\" loading=\"lazy\" role=\"img\"\/><\/figure><\/div>\n\n\n\n<div class=\"wp-block-uagb-advanced-heading uagb-block-f3d3552c\"><h3 class=\"uagb-heading-text\">Bag Lokal ledes af erfarne bagere, der br\u00e6nder for at dele deres passion for lokalt indk\u00f8bte ingredienser og b\u00e6redygtighed.<\/h3><\/div>\n\n\n\n<div class=\"wp-block-uagb-container uagb-layout-flex uagb-block-d4a6bf47\">\n<div class=\"wp-block-uagb-counter uagb-block-c1b1c6bb wp-block-uagb-counter--number\"><div class=\"wp-block-uagb-counter__number\"><span class=\"uagb-counter-block-number\" data-duration=\"1.5\" data-to-value=\"5\" data-from-value=\"0\" data-delimiter=\",\"><\/span><span class=\"uagb-counter-block-suffix\">+<\/span><\/div><div class=\"wp-block-uagb-counter__title\">Erfaring<\/div><\/div>\n\n\n\n<div class=\"wp-block-uagb-counter uagb-block-47d0d607 wp-block-uagb-counter--number\"><div class=\"wp-block-uagb-counter__number\"><span class=\"uagb-counter-block-number\" data-duration=\"1.5\" data-to-value=\"100\" data-from-value=\"0\" data-delimiter=\",\"><\/span><span class=\"uagb-counter-block-suffix\">+<\/span><\/div><div class=\"wp-block-uagb-counter__title\">Kunder<\/div><\/div>\n\n\n\n<div class=\"wp-block-uagb-counter uagb-block-2e0bf7bd wp-block-uagb-counter--number\"><div class=\"wp-block-uagb-counter__number\"><span class=\"uagb-counter-block-number\" data-duration=\"1.5\" data-to-value=\"80\" data-from-value=\"0\" data-delimiter=\",\"><\/span><span class=\"uagb-counter-block-suffix\">+<\/span><\/div><div class=\"wp-block-uagb-counter__title\">Begivenheder<\/div><\/div>\n\n\n\n<div class=\"wp-block-uagb-counter uagb-block-556382d2 wp-block-uagb-counter--number\"><div class=\"wp-block-uagb-counter__number\"><span class=\"uagb-counter-block-number\" data-duration=\"1.5\" data-to-value=\"10\" data-from-value=\"0\" data-delimiter=\",\"><\/span><span class=\"uagb-counter-block-suffix\">+<\/span><\/div><div class=\"wp-block-uagb-counter__title\">Medlemmer<\/div><\/div>\n<\/div>\n<\/div>\n\n\n\n<div class=\"wp-block-uagb-container uagb-block-e1caaa3e\">\n<div class=\"wp-block-uagb-image uagb-block-6e1e3735 wp-block-uagb-image--layout-default wp-block-uagb-image--effect-static wp-block-uagb-image--align-none\"><figure class=\"wp-block-uagb-image__figure\"><img decoding=\"async\" srcset=\"https:\/\/baglokal.dk\/wp-content\/uploads\/2024\/12\/pexels-photo-7782955.jpeg ,https:\/\/baglokal.dk\/wp-content\/uploads\/2024\/12\/pexels-photo-7782955.jpeg 780w, https:\/\/baglokal.dk\/wp-content\/uploads\/2024\/12\/pexels-photo-7782955.jpeg 360w\" sizes=\"auto, (max-width: 480px) 150px\" src=\"https:\/\/baglokal.dk\/wp-content\/uploads\/2024\/12\/pexels-photo-7782955.jpeg\" alt=\"\" class=\"uag-image-7\" width=\"570\" height=\"500\" title=\"about-img-02\" loading=\"lazy\" role=\"img\"\/><\/figure><\/div>\n\n\n\n<div class=\"wp-block-uagb-advanced-heading uagb-block-41b237da\"><p class=\"uagb-heading-text\">Vi har opbygget et st\u00e6rkt f\u00e6llesskab af bagelystne, der nyder godt af vores opskrifter og lokalt indk\u00f8bte ingredienser, hvilket har resulteret i \u00f8get st\u00f8tte til lokale producenter og b\u00e6redygtighed i madlavningen.<\/p><p class=\"uagb-desc-text\">Gennem deling af opskrifter og samarbejde med lokale producenter, hj\u00e6lper vi vores medlemmer med at opleve kraften i lokale r\u00e5varer og st\u00f8tte deres naboskaber.<\/p><\/div>\n\n\n\n<div class=\"wp-block-uagb-advanced-heading uagb-block-5e6eb5d6\"><p class=\"uagb-desc-text\">F\u00f8lg mig<\/p><\/div>\n\n\n\n<div class=\"wp-block-uagb-icon-list uagb-block-60bf14a8\"><div class=\"uagb-icon-list__wrap\">\n<div class=\"wp-block-uagb-icon-list-child uagb-block-cf39bd31\"><a target=\"_self\" aria-label=\"List item\" rel=\"noopener noreferrer\" href=\"#\"> <\/a><span class=\"uagb-icon-list__source-wrap\"><svg xmlns=\"https:\/\/www.w3.org\/2000\/svg\" viewBox=\"0 0 320 512\"><path d=\"M279.1 288l14.22-92.66h-88.91v-60.13c0-25.35 12.42-50.06 52.24-50.06h40.42V6.26S260.4 0 225.4 0c-73.22 0-121.1 44.38-121.1 124.7v70.62H22.89V288h81.39v224h100.2V288z\"><\/path><\/svg><\/span><\/div>\n\n\n\n<div class=\"wp-block-uagb-icon-list-child uagb-block-7eb60e5b\"><a target=\"_self\" aria-label=\"List item\" rel=\"noopener noreferrer\" href=\"#\"> <\/a><span class=\"uagb-icon-list__source-wrap\"><svg xmlns=\"https:\/\/www.w3.org\/2000\/svg\" viewBox=\"0 0 512 512\"><path d=\"M389.2 48h70.6L305.6 224.2 487 464H345L233.7 318.6 106.5 464H35.8L200.7 275.5 26.8 48H172.4L272.9 180.9 389.2 48zM364.4 421.8h39.1L151.1 88h-42L364.4 421.8z\"><\/path><\/svg><\/span><\/div>\n\n\n\n<div class=\"wp-block-uagb-icon-list-child uagb-block-632e8e56\"><a target=\"_self\" aria-label=\"List item\" rel=\"noopener noreferrer\" href=\"#\"> <\/a><span class=\"uagb-icon-list__source-wrap\"><svg xmlns=\"https:\/\/www.w3.org\/2000\/svg\" viewBox=\"0 0 448 512\"><path d=\"M224.1 141c-63.6 0-114.9 51.3-114.9 114.9s51.3 114.9 114.9 114.9S339 319.5 339 255.9 287.7 141 224.1 141zm0 189.6c-41.1 0-74.7-33.5-74.7-74.7s33.5-74.7 74.7-74.7 74.7 33.5 74.7 74.7-33.6 74.7-74.7 74.7zm146.4-194.3c0 14.9-12 26.8-26.8 26.8-14.9 0-26.8-12-26.8-26.8s12-26.8 26.8-26.8 26.8 12 26.8 26.8zm76.1 27.2c-1.7-35.9-9.9-67.7-36.2-93.9-26.2-26.2-58-34.4-93.9-36.2-37-2.1-147.9-2.1-184.9 0-35.8 1.7-67.6 9.9-93.9 36.1s-34.4 58-36.2 93.9c-2.1 37-2.1 147.9 0 184.9 1.7 35.9 9.9 67.7 36.2 93.9s58 34.4 93.9 36.2c37 2.1 147.9 2.1 184.9 0 35.9-1.7 67.7-9.9 93.9-36.2 26.2-26.2 34.4-58 36.2-93.9 2.1-37 2.1-147.8 0-184.8zM398.8 388c-7.8 19.6-22.9 34.7-42.6 42.6-29.5 11.7-99.5 9-132.1 9s-102.7 2.6-132.1-9c-19.6-7.8-34.7-22.9-42.6-42.6-11.7-29.5-9-99.5-9-132.1s-2.6-102.7 9-132.1c7.8-19.6 22.9-34.7 42.6-42.6 29.5-11.7 99.5-9 132.1-9s102.7-2.6 132.1 9c19.6 7.8 34.7 22.9 42.6 42.6 11.7 29.5 9 99.5 9 132.1s2.7 102.7-9 132.1z\"><\/path><\/svg><\/span><\/div>\n\n\n\n<div class=\"wp-block-uagb-icon-list-child uagb-block-3fd82e49\"><a target=\"_self\" aria-label=\"List item\" rel=\"noopener noreferrer\" href=\"#\"> <\/a><span class=\"uagb-icon-list__source-wrap\"><svg xmlns=\"https:\/\/www.w3.org\/2000\/svg\" viewBox=\"0 0 576 512\"><path d=\"M549.7 124.1c-6.281-23.65-24.79-42.28-48.28-48.6C458.8 64 288 64 288 64S117.2 64 74.63 75.49c-23.5 6.322-42 24.95-48.28 48.6-11.41 42.87-11.41 132.3-11.41 132.3s0 89.44 11.41 132.3c6.281 23.65 24.79 41.5 48.28 47.82C117.2 448 288 448 288 448s170.8 0 213.4-11.49c23.5-6.321 42-24.17 48.28-47.82 11.41-42.87 11.41-132.3 11.41-132.3s0-89.44-11.41-132.3zm-317.5 213.5V175.2l142.7 81.21-142.7 81.2z\"><\/path><\/svg><\/span><\/div>\n\n\n\n<div class=\"wp-block-uagb-icon-list-child uagb-block-5c0bd121\"><a target=\"_self\" aria-label=\"List item\" rel=\"noopener noreferrer\" href=\"#\"> <\/a><span class=\"uagb-icon-list__source-wrap\"><svg xmlns=\"https:\/\/www.w3.org\/2000\/svg\" viewBox=\"0 0 448 512\"><path d=\"M100.3 448H7.4V148.9h92.88zM53.79 108.1C24.09 108.1 0 83.5 0 53.8a53.79 53.79 0 0 1 107.6 0c0 29.7-24.1 54.3-53.79 54.3zM447.9 448h-92.68V302.4c0-34.7-.7-79.2-48.29-79.2-48.29 0-55.69 37.7-55.69 76.7V448h-92.78V148.9h89.08v40.8h1.3c12.4-23.5 42.69-48.3 87.88-48.3 94 0 111.3 61.9 111.3 142.3V448z\"><\/path><\/svg><\/span><\/div>\n<\/div><\/div>\n<\/div>\n<\/div>\n<\/div><\/div>\n\n\n\n<div class=\"wp-block-uagb-container uagb-layout-grid uagb-block-d69ea2fc alignfull uagb-is-root-container\"><div class=\"uagb-container-inner-blocks-wrap\">\n<div class=\"wp-block-uagb-info-box uagb-block-1e98d521 uagb-infobox__content-wrap  uagb-infobox-icon-above-title uagb-infobox-image-valign-top\"><div class=\"uagb-ifb-content\"><div class=\"uagb-ifb-title-wrap\"><h2 class=\"uagb-ifb-title-prefix\">Vores mission<\/h2><p class=\"uagb-ifb-title\">At inspirere til b\u00e6redygtig bagning med lokale r\u00e5varer.<\/p><\/div><p class=\"uagb-ifb-desc\">Vores mission er at skabe et f\u00e6llesskab, hvor bagere kan finde inspiration til at bruge lokale ingredienser. Vi \u00f8nsker at st\u00f8tte b\u00e6redygtighed og kvalitetsproduktion, s\u00e5 alle kan nyde friske bagv\u00e6rk med respekt for naturen.<\/p><\/div><\/div>\n\n\n\n<div class=\"wp-block-uagb-image uagb-block-8aa95fc0 wp-block-uagb-image--layout-default wp-block-uagb-image--effect-static wp-block-uagb-image--align-none\"><figure class=\"wp-block-uagb-image__figure\"><img decoding=\"async\" srcset=\"https:\/\/baglokal.dk\/wp-content\/uploads\/2024\/12\/pexels-photo-8003946.jpeg ,https:\/\/baglokal.dk\/wp-content\/uploads\/2024\/12\/pexels-photo-8003946.jpeg 780w, https:\/\/baglokal.dk\/wp-content\/uploads\/2024\/12\/pexels-photo-8003946.jpeg 360w\" sizes=\"auto, (max-width: 480px) 150px\" src=\"https:\/\/baglokal.dk\/wp-content\/uploads\/2024\/12\/pexels-photo-8003946.jpeg\" alt=\"\" class=\"uag-image-8\" width=\"645\" height=\"450\" title=\"our-mission\" loading=\"lazy\" role=\"img\"\/><\/figure><\/div>\n\n\n\n<div class=\"wp-block-uagb-image uagb-block-37381279 wp-block-uagb-image--layout-default wp-block-uagb-image--effect-static wp-block-uagb-image--align-none\"><figure class=\"wp-block-uagb-image__figure\"><img decoding=\"async\" srcset=\"https:\/\/baglokal.dk\/wp-content\/uploads\/2024\/12\/pexels-photo-3663347.jpeg ,https:\/\/baglokal.dk\/wp-content\/uploads\/2024\/12\/pexels-photo-3663347.jpeg 780w, https:\/\/baglokal.dk\/wp-content\/uploads\/2024\/12\/pexels-photo-3663347.jpeg 360w\" sizes=\"auto, (max-width: 480px) 150px\" src=\"https:\/\/baglokal.dk\/wp-content\/uploads\/2024\/12\/pexels-photo-3663347.jpeg\" alt=\"\" class=\"uag-image-9\" width=\"645\" height=\"450\" title=\"our-vision\" loading=\"lazy\" role=\"img\"\/><\/figure><\/div>\n\n\n\n<div class=\"wp-block-uagb-info-box uagb-block-1253b133 uagb-infobox__content-wrap  uagb-infobox-icon-above-title uagb-infobox-image-valign-top\"><div class=\"uagb-ifb-content\"><div class=\"uagb-ifb-title-wrap\"><h2 class=\"uagb-ifb-title-prefix\">Vores vision<\/h2><p class=\"uagb-ifb-title\">At v\u00e6re Danmarks f\u00f8rende platform for lokal bagning.<\/p><\/div><p class=\"uagb-ifb-desc\">Vi str\u00e6ber efter at skabe et landligt f\u00e6llesskab, hvor bagere m\u00f8des for at dele opskrifter, l\u00e6re af hinanden og st\u00f8tte lokale producenter, hvilket fremmer en kultur af ansvarlig forbrug og b\u00e6redygtighed.<\/p><\/div><\/div>\n<\/div><\/div>\n\n\n\n<div class=\"wp-block-uagb-container uagb-block-c333eb67 alignfull uagb-is-root-container\"><div class=\"uagb-container-inner-blocks-wrap\">\n<div class=\"wp-block-uagb-advanced-heading uagb-block-9c6ec963\"><h2 class=\"uagb-heading-text\">Bag om Bag Lokal<\/h2><p class=\"uagb-desc-text\">At arbejde med Bag Lokal betyder at v\u00e6re en del af et passioneret f\u00e6llesskab. Vi engagerer os i samarbejde, id\u00e9udveksling og st\u00f8tte, hvilket skaber et inspirerende milj\u00f8 der fremmer kreativitet og b\u00e6redygtighed.<\/p><\/div>\n\n\n\n<div class=\"wp-block-uagb-container uagb-layout-grid uagb-block-fd76b66f\">\n<div class=\"wp-block-uagb-image uagb-block-b12a0cd8 wp-block-uagb-image--layout-default wp-block-uagb-image--effect-static wp-block-uagb-image--align-none\"><figure class=\"wp-block-uagb-image__figure\"><img decoding=\"async\" srcset=\"https:\/\/baglokal.dk\/wp-content\/uploads\/2024\/12\/pexels-photo-7613429.jpeg ,https:\/\/baglokal.dk\/wp-content\/uploads\/2024\/12\/pexels-photo-7613429.jpeg 780w, https:\/\/baglokal.dk\/wp-content\/uploads\/2024\/12\/pexels-photo-7613429.jpeg 360w\" sizes=\"auto, (max-width: 480px) 150px\" src=\"https:\/\/baglokal.dk\/wp-content\/uploads\/2024\/12\/pexels-photo-7613429.jpeg\" alt=\"\" class=\"uag-image-10\" width=\"686\" height=\"400\" title=\"bts-img-01\" loading=\"lazy\" role=\"img\"\/><\/figure><\/div>\n\n\n\n<div class=\"wp-block-uagb-image uagb-block-3e197f08 wp-block-uagb-image--layout-default wp-block-uagb-image--effect-static wp-block-uagb-image--align-none\"><figure class=\"wp-block-uagb-image__figure\"><img decoding=\"async\" srcset=\"https:\/\/baglokal.dk\/wp-content\/uploads\/2024\/12\/pexels-photo-26925530.jpeg ,https:\/\/baglokal.dk\/wp-content\/uploads\/2024\/12\/pexels-photo-26925530.jpeg 780w, https:\/\/baglokal.dk\/wp-content\/uploads\/2024\/12\/pexels-photo-26925530.jpeg 360w\" sizes=\"auto, (max-width: 480px) 150px\" src=\"https:\/\/baglokal.dk\/wp-content\/uploads\/2024\/12\/pexels-photo-26925530.jpeg\" alt=\"\" class=\"uag-image-11\" width=\"686\" height=\"400\" title=\"bts-img-02\" loading=\"lazy\" role=\"img\"\/><\/figure><\/div>\n\n\n\n<div class=\"wp-block-uagb-image uagb-block-e7e58d37 wp-block-uagb-image--layout-default wp-block-uagb-image--effect-static wp-block-uagb-image--align-none uag-hide-tab\"><figure class=\"wp-block-uagb-image__figure\"><img decoding=\"async\" srcset=\"https:\/\/baglokal.dk\/wp-content\/uploads\/2024\/12\/pexels-photo-7782955.jpeg ,https:\/\/baglokal.dk\/wp-content\/uploads\/2024\/12\/pexels-photo-7782955.jpeg 780w, https:\/\/baglokal.dk\/wp-content\/uploads\/2024\/12\/pexels-photo-7782955.jpeg 360w\" sizes=\"auto, (max-width: 480px) 150px\" src=\"https:\/\/baglokal.dk\/wp-content\/uploads\/2024\/12\/pexels-photo-7782955.jpeg\" alt=\"\" class=\"uag-image-7\" width=\"686\" height=\"400\" title=\"videography-service-02\" loading=\"lazy\" role=\"img\"\/><\/figure><\/div>\n<\/div>\n\n\n\n<div class=\"wp-block-uagb-container uagb-layout-grid uagb-block-cf8cf873\">\n<div class=\"wp-block-uagb-image uagb-block-912dc794 wp-block-uagb-image--layout-default wp-block-uagb-image--effect-static wp-block-uagb-image--align-none\"><figure class=\"wp-block-uagb-image__figure\"><img decoding=\"async\" srcset=\"https:\/\/baglokal.dk\/wp-content\/uploads\/2024\/12\/pexels-photo-8003946.jpeg ,https:\/\/baglokal.dk\/wp-content\/uploads\/2024\/12\/pexels-photo-8003946.jpeg 780w, https:\/\/baglokal.dk\/wp-content\/uploads\/2024\/12\/pexels-photo-8003946.jpeg 360w\" sizes=\"auto, (max-width: 480px) 150px\" src=\"https:\/\/baglokal.dk\/wp-content\/uploads\/2024\/12\/pexels-photo-8003946.jpeg\" alt=\"\" class=\"uag-image-8\" width=\"500\" height=\"450\" title=\"bts-img-03\" loading=\"lazy\" role=\"img\"\/><\/figure><\/div>\n\n\n\n<div class=\"wp-block-uagb-image uagb-block-d363447e wp-block-uagb-image--layout-default wp-block-uagb-image--effect-static wp-block-uagb-image--align-none\"><figure class=\"wp-block-uagb-image__figure\"><img decoding=\"async\" srcset=\"https:\/\/baglokal.dk\/wp-content\/uploads\/2024\/12\/pexels-photo-3663347.jpeg ,https:\/\/baglokal.dk\/wp-content\/uploads\/2024\/12\/pexels-photo-3663347.jpeg 780w, https:\/\/baglokal.dk\/wp-content\/uploads\/2024\/12\/pexels-photo-3663347.jpeg 360w\" sizes=\"auto, (max-width: 480px) 150px\" src=\"https:\/\/baglokal.dk\/wp-content\/uploads\/2024\/12\/pexels-photo-3663347.jpeg\" alt=\"\" class=\"uag-image-9\" width=\"500\" height=\"500\" title=\"bts-img-04\" loading=\"lazy\" role=\"img\"\/><\/figure><\/div>\n\n\n\n<div class=\"wp-block-uagb-image uagb-block-a99ebb4d wp-block-uagb-image--layout-default wp-block-uagb-image--effect-static wp-block-uagb-image--align-none\"><figure class=\"wp-block-uagb-image__figure\"><img decoding=\"async\" srcset=\"https:\/\/baglokal.dk\/wp-content\/uploads\/2024\/12\/pexels-photo-7613429.jpeg ,https:\/\/baglokal.dk\/wp-content\/uploads\/2024\/12\/pexels-photo-7613429.jpeg 780w, https:\/\/baglokal.dk\/wp-content\/uploads\/2024\/12\/pexels-photo-7613429.jpeg 360w\" sizes=\"auto, (max-width: 480px) 150px\" src=\"https:\/\/baglokal.dk\/wp-content\/uploads\/2024\/12\/pexels-photo-7613429.jpeg\" alt=\"\" class=\"uag-image-10\" width=\"500\" height=\"450\" title=\"bts-img-05\" loading=\"lazy\" role=\"img\"\/><\/figure><\/div>\n<\/div>\n<\/div><\/div>\n\n\n\n<div class=\"wp-block-uagb-container uagb-block-a0200235 alignfull uagb-is-root-container\"><div class=\"uagb-container-inner-blocks-wrap\">\n<div class=\"wp-block-uagb-call-to-action uagb-block-c9597051 wp-block-button\"><div class=\"uagb-cta__wrap\"><h2 class=\"uagb-cta__title\">Se vores seneste arbejde p\u00e5 Instagram<\/h2><\/div><div class=\"uagb-cta__buttons\"><a href=\"#\" class=\"uagb-cta__button-link-wrapper wp-block-button__link\" target=\"_self\" rel=\"noopener noreferrer\">F\u00f8lg os p\u00e5 Instagram<\/a><\/div><\/div>\n\n\n\n<div class=\"wp-block-uagb-container uagb-layout-grid uagb-block-1e9a4002\">\n<div class=\"wp-block-uagb-image uagb-block-4675924b wp-block-uagb-image--layout-default wp-block-uagb-image--effect-static wp-block-uagb-image--align-none\"><figure class=\"wp-block-uagb-image__figure\"><img decoding=\"async\" srcset=\"https:\/\/baglokal.dk\/wp-content\/uploads\/2024\/12\/pexels-photo-7613429.jpeg ,https:\/\/baglokal.dk\/wp-content\/uploads\/2024\/12\/pexels-photo-7613429.jpeg 780w, https:\/\/baglokal.dk\/wp-content\/uploads\/2024\/12\/pexels-photo-7613429.jpeg 360w\" sizes=\"auto, (max-width: 480px) 150px\" src=\"https:\/\/baglokal.dk\/wp-content\/uploads\/2024\/12\/pexels-photo-7613429.jpeg\" alt=\"\" class=\"uag-image-10\" width=\"262\" height=\"262\" title=\"my-work-01\" loading=\"lazy\" role=\"img\"\/><\/figure><\/div>\n\n\n\n<div class=\"wp-block-uagb-image uagb-block-6fe0df3f wp-block-uagb-image--layout-default wp-block-uagb-image--effect-static wp-block-uagb-image--align-none\"><figure class=\"wp-block-uagb-image__figure\"><img decoding=\"async\" srcset=\"https:\/\/baglokal.dk\/wp-content\/uploads\/2024\/12\/pexels-photo-26925530.jpeg ,https:\/\/baglokal.dk\/wp-content\/uploads\/2024\/12\/pexels-photo-26925530.jpeg 780w, https:\/\/baglokal.dk\/wp-content\/uploads\/2024\/12\/pexels-photo-26925530.jpeg 360w\" sizes=\"auto, (max-width: 480px) 150px\" src=\"https:\/\/baglokal.dk\/wp-content\/uploads\/2024\/12\/pexels-photo-26925530.jpeg\" alt=\"\" class=\"uag-image-11\" width=\"262\" height=\"262\" title=\"my-work-02\" loading=\"lazy\" role=\"img\"\/><\/figure><\/div>\n\n\n\n<div class=\"wp-block-uagb-image uagb-block-37cfb130 wp-block-uagb-image--layout-default wp-block-uagb-image--effect-static wp-block-uagb-image--align-none\"><figure class=\"wp-block-uagb-image__figure\"><img decoding=\"async\" srcset=\"https:\/\/baglokal.dk\/wp-content\/uploads\/2024\/12\/pexels-photo-7782955.jpeg ,https:\/\/baglokal.dk\/wp-content\/uploads\/2024\/12\/pexels-photo-7782955.jpeg 780w, https:\/\/baglokal.dk\/wp-content\/uploads\/2024\/12\/pexels-photo-7782955.jpeg 360w\" sizes=\"auto, (max-width: 480px) 150px\" src=\"https:\/\/baglokal.dk\/wp-content\/uploads\/2024\/12\/pexels-photo-7782955.jpeg\" alt=\"\" class=\"uag-image-7\" width=\"262\" height=\"262\" title=\"my-work-03\" loading=\"lazy\" role=\"img\"\/><\/figure><\/div>\n\n\n\n<div class=\"wp-block-uagb-image uagb-block-31249b68 wp-block-uagb-image--layout-default wp-block-uagb-image--effect-static wp-block-uagb-image--align-none\"><figure class=\"wp-block-uagb-image__figure\"><img decoding=\"async\" srcset=\"https:\/\/baglokal.dk\/wp-content\/uploads\/2024\/12\/pexels-photo-8003946.jpeg ,https:\/\/baglokal.dk\/wp-content\/uploads\/2024\/12\/pexels-photo-8003946.jpeg 780w, https:\/\/baglokal.dk\/wp-content\/uploads\/2024\/12\/pexels-photo-8003946.jpeg 360w\" sizes=\"auto, (max-width: 480px) 150px\" src=\"https:\/\/baglokal.dk\/wp-content\/uploads\/2024\/12\/pexels-photo-8003946.jpeg\" alt=\"\" class=\"uag-image-8\" width=\"262\" height=\"262\" title=\"my-work-04\" loading=\"lazy\" role=\"img\"\/><\/figure><\/div>\n\n\n\n<div class=\"wp-block-uagb-image uagb-block-4f36728d wp-block-uagb-image--layout-default wp-block-uagb-image--effect-static wp-block-uagb-image--align-none uag-hide-tab\"><figure class=\"wp-block-uagb-image__figure\"><img decoding=\"async\" srcset=\"https:\/\/baglokal.dk\/wp-content\/uploads\/2024\/12\/pexels-photo-3663347.jpeg ,https:\/\/baglokal.dk\/wp-content\/uploads\/2024\/12\/pexels-photo-3663347.jpeg 780w, https:\/\/baglokal.dk\/wp-content\/uploads\/2024\/12\/pexels-photo-3663347.jpeg 360w\" sizes=\"auto, (max-width: 480px) 150px\" src=\"https:\/\/baglokal.dk\/wp-content\/uploads\/2024\/12\/pexels-photo-3663347.jpeg\" alt=\"\" class=\"uag-image-9\" width=\"262\" height=\"262\" title=\"my-work-05\" loading=\"lazy\" role=\"img\"\/><\/figure><\/div>\n<\/div>\n<\/div><\/div>\n\n\n\n<div class=\"wp-block-uagb-container uagb-block-9f047c00 alignfull uagb-is-root-container\"><div class=\"uagb-container-inner-blocks-wrap\">\n<div class=\"wp-block-uagb-container uagb-block-8ac3f7a9\">\n<div class=\"wp-block-uagb-info-box uagb-block-8023fb24 uagb-infobox__content-wrap  uagb-infobox-icon-above-title uagb-infobox-image-valign-top\"><div class=\"uagb-ifb-content\"><div class=\"uagb-ifb-title-wrap\"><h2 class=\"uagb-ifb-title\">Bliv en del af vores bagesamfund!<\/h2><\/div><p class=\"uagb-ifb-desc\">Tilmeld dig vores nyhedsbrev og modtag de nyeste opskrifter, kurser og tilbud direkte i din indbakke.<\/p><div class=\"uagb-ifb-button-wrapper wp-block-button\"><a href=\"#\" class=\"uagb-infobox-cta-link wp-block-button__link\" target=\"_self\" rel=\"noopener noreferrer\" onclick=\"return false;\"><span class=\"uagb-inline-editing\">Start at bage<\/span><\/a><\/div><\/div><\/div>\n<\/div>\n<\/div><\/div>\n","protected":false},"excerpt":{"rendered":"<p>Bag med lokale ingredienser og samfund Oplev gl\u00e6den ved at bage med friske, lokale ingredienser. Bag Lokal bringer bagere sammen [&hellip;]<\/p>\n","protected":false},"author":1,"featured_media":0,"parent":0,"menu_order":0,"comment_status":"closed","ping_status":"closed","template":"","meta":{"_uag_custom_page_level_css":"","site-sidebar-layout":"default","site-content-layout":"","ast-site-content-layout":"","site-content-style":"default","site-sidebar-style":"default","ast-global-header-display":"","ast-banner-title-visibility":"","ast-main-header-display":"","ast-hfb-above-header-display":"","ast-hfb-below-header-display":"","ast-hfb-mobile-header-display":"","site-post-title":"disabled","ast-breadcrumbs-content":"","ast-featured-img":"","footer-sml-layout":"","theme-transparent-header-meta":"","adv-header-id-meta":"","stick-header-meta":"","header-above-stick-meta":"","header-main-stick-meta":"","header-below-stick-meta":"","astra-migrate-meta-layouts":"default","ast-page-background-enabled":"default","ast-page-background-meta":{"desktop":{"background-color":"var(--ast-global-color-4)","background-image":"","background-repeat":"repeat","background-position":"center center","background-size":"auto","background-attachment":"scroll","background-type":"","background-media":"","overlay-type":"","overlay-color":"","overlay-opacity":"","overlay-gradient":""},"tablet":{"background-color":"","background-image":"","background-repeat":"repeat","background-position":"center center","background-size":"auto","background-attachment":"scroll","background-type":"","background-media":"","overlay-type":"","overlay-color":"","overlay-opacity":"","overlay-gradient":""},"mobile":{"background-color":"","background-image":"","background-repeat":"repeat","background-position":"center center","background-size":"auto","background-attachment":"scroll","background-type":"","background-media":"","overlay-type":"","overlay-color":"","overlay-opacity":"","overlay-gradient":""}},"ast-content-background-meta":{"desktop":{"background-color":"var(--ast-global-color-5)","background-image":"","background-repeat":"repeat","background-position":"center center","background-size":"auto","background-attachment":"scroll","background-type":"","background-media":"","overlay-type":"","overlay-color":"","overlay-opacity":"","overlay-gradient":""},"tablet":{"background-color":"var(--ast-global-color-5)","background-image":"","background-repeat":"repeat","background-position":"center center","background-size":"auto","background-attachment":"scroll","background-type":"","background-media":"","overlay-type":"","overlay-color":"","overlay-opacity":"","overlay-gradient":""},"mobile":{"background-color":"var(--ast-global-color-5)","background-image":"","background-repeat":"repeat","background-position":"center center","background-size":"auto","background-attachment":"scroll","background-type":"","background-media":"","overlay-type":"","overlay-color":"","overlay-opacity":"","overlay-gradient":""}},"footnotes":""},"class_list":["post-34","page","type-page","status-publish","hentry"],"uagb_featured_image_src":{"full":false,"thumbnail":false,"medium":false,"medium_large":false,"large":false,"1536x1536":false,"2048x2048":false},"uagb_author_info":{"display_name":"admin","author_link":"https:\/\/baglokal.dk\/?author=1"},"uagb_comment_info":0,"uagb_excerpt":"Bag med lokale ingredienser og samfund Oplev gl\u00e6den ved at bage med friske, lokale ingredienser. Bag Lokal bringer bagere sammen [&hellip;]","_links":{"self":[{"href":"https:\/\/baglokal.dk\/index.php?rest_route=\/wp\/v2\/pages\/34","targetHints":{"allow":["GET"]}}],"collection":[{"href":"https:\/\/baglokal.dk\/index.php?rest_route=\/wp\/v2\/pages"}],"about":[{"href":"https:\/\/baglokal.dk\/index.php?rest_route=\/wp\/v2\/types\/page"}],"author":[{"embeddable":true,"href":"https:\/\/baglokal.dk\/index.php?rest_route=\/wp\/v2\/users\/1"}],"replies":[{"embeddable":true,"href":"https:\/\/baglokal.dk\/index.php?rest_route=%2Fwp%2Fv2%2Fcomments&post=34"}],"version-history":[{"count":2,"href":"https:\/\/baglokal.dk\/index.php?rest_route=\/wp\/v2\/pages\/34\/revisions"}],"predecessor-version":[{"id":604,"href":"https:\/\/baglokal.dk\/index.php?rest_route=\/wp\/v2\/pages\/34\/revisions\/604"}],"wp:attachment":[{"href":"https:\/\/baglokal.dk\/index.php?rest_route=%2Fwp%2Fv2%2Fmedia&parent=34"}],"curies":[{"name":"wp","href":"https:\/\/api.w.org\/{rel}","templated":true}]}}