{"id":35,"date":"2024-12-05T20:07:17","date_gmt":"2024-12-05T20:07:17","guid":{"rendered":"https:\/\/boplus.dk\/testimonials\/"},"modified":"2024-12-05T20:07:36","modified_gmt":"2024-12-05T20:07:36","slug":"testimonials","status":"publish","type":"page","link":"https:\/\/baglokal.dk\/?page_id=35","title":{"rendered":"Testimonials"},"content":{"rendered":"\n<div class=\"wp-block-uagb-container uagb-block-03b0edd2 alignfull uagb-is-root-container\"><div class=\"uagb-container-inner-blocks-wrap\">\n<div class=\"wp-block-uagb-advanced-heading uagb-block-f08b6f7a\"><h1 class=\"uagb-heading-text\">H\u00f8r hvad vores kunder siger<\/h1><p class=\"uagb-desc-text\">L\u00e6s om de fantastiske oplevelser, som vores dedikerede bagere har haft ved at bruge lokale ingredienser. Vores f\u00e6llesskab vokser, og vi st\u00f8tter hinanden i at skabe smagfulde skabelser.<\/p><\/div>\n<\/div><\/div>\n\n\n\n<div class=\"wp-block-uagb-container uagb-layout-grid uagb-block-bbfc3da0 alignfull uagb-is-root-container\"><div class=\"uagb-container-inner-blocks-wrap\">\n<div class=\"wp-block-uagb-container uagb-layout-flex uagb-block-704e1ca8\">\n<div class=\"wp-block-uagb-info-box uagb-block-2fb37c21 uagb-infobox__content-wrap  uagb-infobox-icon-above-title uagb-infobox-image-valign-top\"><div class=\"uagb-ifb-content\"><div class=\"uagb-ifb-icon-wrap\"><svg xmlns=\"https:\/\/www.w3.org\/2000\/svg\" viewBox=\"0 0 448 512\"><path d=\"M96 224C84.72 224 74.05 226.3 64 229.9V224c0-35.3 28.7-64 64-64c17.67 0 32-14.33 32-32S145.7 96 128 96C57.42 96 0 153.4 0 224v96c0 53.02 42.98 96 96 96s96-42.98 96-96S149 224 96 224zM352 224c-11.28 0-21.95 2.305-32 5.879V224c0-35.3 28.7-64 64-64c17.67 0 32-14.33 32-32s-14.33-32-32-32c-70.58 0-128 57.42-128 128v96c0 53.02 42.98 96 96 96s96-42.98 96-96S405 224 352 224z\"><\/path><\/svg><\/div><div class=\"uagb-ifb-title-wrap\"><h2 class=\"uagb-ifb-title\">Laura&amp; Martin<\/h2><\/div><p class=\"uagb-ifb-desc\">Jeg elsker at bage med lokale ingredienser! Bag Lokal har forvandlet min oplevelse i k\u00f8kkenet og givet mig mulighed for at smage \u00e6gte kvalitet.<\/p><\/div><\/div>\n\n\n\n<div class=\"wp-block-uagb-image uagb-block-cd7788fb wp-block-uagb-image--layout-default wp-block-uagb-image--effect-static wp-block-uagb-image--align-none\"><figure class=\"wp-block-uagb-image__figure\"><img decoding=\"async\" srcset=\"https:\/\/baglokal.dk\/wp-content\/uploads\/2024\/06\/testimonial-skip-05.jpg ,https:\/\/baglokal.dk\/wp-content\/uploads\/2024\/06\/testimonial-skip-05.jpg 780w, https:\/\/baglokal.dk\/wp-content\/uploads\/2024\/06\/testimonial-skip-05.jpg 360w\" sizes=\"auto, (max-width: 480px) 150px\" src=\"https:\/\/baglokal.dk\/wp-content\/uploads\/2024\/06\/testimonial-skip-05.jpg\" alt=\"\" class=\"uag-image-257\" width=\"645\" height=\"400\" title=\"testimonial-skip-05\" loading=\"lazy\" role=\"img\"\/><\/figure><\/div>\n<\/div>\n\n\n\n<div class=\"wp-block-uagb-container uagb-layout-grid uagb-block-b47e2e85\">\n<div class=\"wp-block-uagb-image uagb-block-e934bb96 wp-block-uagb-image--layout-default wp-block-uagb-image--effect-static wp-block-uagb-image--align-none\"><figure class=\"wp-block-uagb-image__figure\"><img decoding=\"async\" srcset=\"https:\/\/baglokal.dk\/wp-content\/uploads\/2024\/06\/testimonial-skip-04.jpg ,https:\/\/baglokal.dk\/wp-content\/uploads\/2024\/06\/testimonial-skip-04.jpg 780w, https:\/\/baglokal.dk\/wp-content\/uploads\/2024\/06\/testimonial-skip-04.jpg 360w\" sizes=\"auto, (max-width: 480px) 150px\" src=\"https:\/\/baglokal.dk\/wp-content\/uploads\/2024\/06\/testimonial-skip-04.jpg\" alt=\"\" class=\"uag-image-256\" width=\"645\" height=\"400\" title=\"testimonial-skip-04\" loading=\"lazy\" role=\"img\"\/><\/figure><\/div>\n\n\n\n<div class=\"wp-block-uagb-info-box uagb-block-8986cce9 uagb-infobox__content-wrap  uagb-infobox-icon-above-title uagb-infobox-image-valign-top wp-block-uagb-info-box--has-margin\"><div class=\"uagb-infobox-margin-wrapper\"><div class=\"uagb-ifb-content\"><div class=\"uagb-ifb-icon-wrap\"><svg xmlns=\"https:\/\/www.w3.org\/2000\/svg\" viewBox=\"0 0 448 512\"><path d=\"M96 224C84.72 224 74.05 226.3 64 229.9V224c0-35.3 28.7-64 64-64c17.67 0 32-14.33 32-32S145.7 96 128 96C57.42 96 0 153.4 0 224v96c0 53.02 42.98 96 96 96s96-42.98 96-96S149 224 96 224zM352 224c-11.28 0-21.95 2.305-32 5.879V224c0-35.3 28.7-64 64-64c17.67 0 32-14.33 32-32s-14.33-32-32-32c-70.58 0-128 57.42-128 128v96c0 53.02 42.98 96 96 96s96-42.98 96-96S405 224 352 224z\"><\/path><\/svg><\/div><div class=\"uagb-ifb-title-wrap\"><h2 class=\"uagb-ifb-title\">Sophie&amp; Jens<\/h2><\/div><p class=\"uagb-ifb-desc\">Fantastisk platform med inspirerende opskrifter. Det har v\u00e6ret en forn\u00f8jelse at deltage i workshops og l\u00e6re af andre entusiaster.<\/p><\/div><\/div><\/div>\n<\/div>\n\n\n\n<div class=\"wp-block-uagb-container uagb-layout-flex uagb-block-1072eeab\">\n<div class=\"wp-block-uagb-container uagb-block-5ee36ded\">\n<div class=\"wp-block-uagb-star-rating uagb-block-a405f45b\"><div class=\"uag-star-rating\" title=\"5\/5\"><span class=\"uag-star\">\u2605<\/span><span class=\"uag-star\">\u2605<\/span><span class=\"uag-star\">\u2605<\/span><span class=\"uag-star\">\u2605<\/span><span class=\"uag-star\">\u2605<\/span><\/div><\/div>\n\n\n\n<div class=\"wp-block-uagb-info-box uagb-block-8afb55bc uagb-infobox__content-wrap  uagb-infobox-icon-below-title uagb-infobox-image-valign-top wp-block-uagb-info-box--has-margin\"><div class=\"uagb-infobox-margin-wrapper\"><div class=\"uagb-ifb-content\"><div class=\"uagb-ifb-title-wrap\"><p class=\"uagb-ifb-title\">Bag Lokal har virkelig \u00e6ndret den m\u00e5de, jeg t\u00e6nker p\u00e5 bagning. At bruge lokale r\u00e5varer g\u00f8r hele forskellen i smagen.<\/p><\/div><div class=\"uagb-ifb-image-content\"><img decoding=\"async\" src=\"https:\/\/baglokal.dk\/wp-content\/uploads\/2024\/06\/testimonial-skip-02.jpg\" alt=\"\" width=\"60\" height=\"60\" loading=\"lazy\"\/><\/div><p class=\"uagb-ifb-desc\">Anna&amp; Thomas<\/p><\/div><\/div><\/div>\n<\/div>\n\n\n\n<div class=\"wp-block-uagb-container uagb-block-5d73aa80\">\n<div class=\"wp-block-uagb-star-rating uagb-block-6b4bbb07\"><div class=\"uag-star-rating\" title=\"5\/5\"><span class=\"uag-star\">\u2605<\/span><span class=\"uag-star\">\u2605<\/span><span class=\"uag-star\">\u2605<\/span><span class=\"uag-star\">\u2605<\/span><span class=\"uag-star\">\u2605<\/span><\/div><\/div>\n\n\n\n<div class=\"wp-block-uagb-info-box uagb-block-daa1ab95 uagb-infobox__content-wrap  uagb-infobox-icon-below-title uagb-infobox-image-valign-top wp-block-uagb-info-box--has-margin\"><div class=\"uagb-infobox-margin-wrapper\"><div class=\"uagb-ifb-content\"><div class=\"uagb-ifb-title-wrap\"><p class=\"uagb-ifb-title\">Bag Lokal har \u00e6ndret mit syn p\u00e5 bagning. Friskheden fra lokale r\u00e5varer g\u00f8r virkelig en forskel! Jeg elskede oplevelsen.<\/p><\/div><div class=\"uagb-ifb-image-content\"><img decoding=\"async\" src=\"https:\/\/baglokal.dk\/wp-content\/uploads\/2024\/06\/testimonial-skip-01.jpg\" alt=\"\" width=\"60\" height=\"60\" loading=\"lazy\"\/><\/div><p class=\"uagb-ifb-desc\">Sofie&amp; Lars<\/p><\/div><\/div><\/div>\n<\/div>\n\n\n\n<div class=\"wp-block-uagb-container uagb-block-34978514\">\n<div class=\"wp-block-uagb-star-rating uagb-block-55cfd18b\"><div class=\"uag-star-rating\" title=\"5\/5\"><span class=\"uag-star\">\u2605<\/span><span class=\"uag-star\">\u2605<\/span><span class=\"uag-star\">\u2605<\/span><span class=\"uag-star\">\u2605<\/span><span class=\"uag-star\">\u2605<\/span><\/div><\/div>\n\n\n\n<div class=\"wp-block-uagb-info-box uagb-block-984fbe1b uagb-infobox__content-wrap  uagb-infobox-icon-below-title uagb-infobox-image-valign-top wp-block-uagb-info-box--has-margin\"><div class=\"uagb-infobox-margin-wrapper\"><div class=\"uagb-ifb-content\"><div class=\"uagb-ifb-title-wrap\"><p class=\"uagb-ifb-title\">At bage med ingredienser fra Bag Lokal har givet mig en dybere forbindelse til mit lokalsamfund. Det er b\u00e5de sjovt og givende!<\/p><\/div><div class=\"uagb-ifb-image-content\"><img decoding=\"async\" src=\"https:\/\/baglokal.dk\/wp-content\/uploads\/2024\/06\/testimonial-skip-03.jpg\" alt=\"\" width=\"60\" height=\"60\" loading=\"lazy\"\/><\/div><p class=\"uagb-ifb-desc\">Mia&amp; Jonas<\/p><\/div><\/div><\/div>\n<\/div>\n<\/div>\n\n\n\n<div class=\"wp-block-uagb-container uagb-layout-flex uagb-block-51649837\">\n<div class=\"wp-block-uagb-container uagb-block-99219228\">\n<div class=\"wp-block-uagb-star-rating uagb-block-2869d587\"><div class=\"uag-star-rating\" title=\"5\/5\"><span class=\"uag-star\">\u2605<\/span><span class=\"uag-star\">\u2605<\/span><span class=\"uag-star\">\u2605<\/span><span class=\"uag-star\">\u2605<\/span><span class=\"uag-star\">\u2605<\/span><\/div><\/div>\n\n\n\n<div class=\"wp-block-uagb-info-box uagb-block-4583e51a uagb-infobox__content-wrap  uagb-infobox-icon-below-title uagb-infobox-image-valign-top wp-block-uagb-info-box--has-margin\"><div class=\"uagb-infobox-margin-wrapper\"><div class=\"uagb-ifb-content\"><div class=\"uagb-ifb-title-wrap\"><p class=\"uagb-ifb-title\">Jeg anbefaler varmt Bag Lokal til enhver, der \u00f8nsker at bage! De inspirerende opskrifter og friske ingredienser er uimodst\u00e5elige.<\/p><\/div><div class=\"uagb-ifb-image-content\"><img decoding=\"async\" src=\"https:\/\/baglokal.dk\/wp-content\/uploads\/2024\/06\/testimonial-skip-02.jpg\" alt=\"\" width=\"60\" height=\"60\" loading=\"lazy\"\/><\/div><p class=\"uagb-ifb-desc\">Anna&amp; Thomas<\/p><\/div><\/div><\/div>\n<\/div>\n\n\n\n<div class=\"wp-block-uagb-container uagb-block-2a556dc6\">\n<div class=\"wp-block-uagb-star-rating uagb-block-aa81f5f3\"><div class=\"uag-star-rating\" title=\"5\/5\"><span class=\"uag-star\">\u2605<\/span><span class=\"uag-star\">\u2605<\/span><span class=\"uag-star\">\u2605<\/span><span class=\"uag-star\">\u2605<\/span><span class=\"uag-star\">\u2605<\/span><\/div><\/div>\n\n\n\n<div class=\"wp-block-uagb-info-box uagb-block-016356f4 uagb-infobox__content-wrap  uagb-infobox-icon-below-title uagb-infobox-image-valign-top wp-block-uagb-info-box--has-margin\"><div class=\"uagb-infobox-margin-wrapper\"><div class=\"uagb-ifb-content\"><div class=\"uagb-ifb-title-wrap\"><p class=\"uagb-ifb-title\">En fantastisk platform! Bag Lokal har givet mig mulighed for at udforske lokale produkter og forbedre mine bagef\u00e6rdigheder. Tak for inspirationen!<\/p><\/div><div class=\"uagb-ifb-image-content\"><img decoding=\"async\" src=\"https:\/\/baglokal.dk\/wp-content\/uploads\/2024\/06\/testimonial-skip-01.jpg\" alt=\"\" width=\"60\" height=\"60\" loading=\"lazy\"\/><\/div><p class=\"uagb-ifb-desc\">Freja&amp; Nikolaj<\/p><\/div><\/div><\/div>\n<\/div>\n\n\n\n<div class=\"wp-block-uagb-container uagb-block-4b598552\">\n<div class=\"wp-block-uagb-star-rating uagb-block-760dc4e3\"><div class=\"uag-star-rating\" title=\"5\/5\"><span class=\"uag-star\">\u2605<\/span><span class=\"uag-star\">\u2605<\/span><span class=\"uag-star\">\u2605<\/span><span class=\"uag-star\">\u2605<\/span><span class=\"uag-star\">\u2605<\/span><\/div><\/div>\n\n\n\n<div class=\"wp-block-uagb-info-box uagb-block-ca1a8bfb uagb-infobox__content-wrap  uagb-infobox-icon-below-title uagb-infobox-image-valign-top wp-block-uagb-info-box--has-margin\"><div class=\"uagb-infobox-margin-wrapper\"><div class=\"uagb-ifb-content\"><div class=\"uagb-ifb-title-wrap\"><p class=\"uagb-ifb-title\">At engagere sig med Bag Lokal har v\u00e6ret en berigende rejse. Hver opskrift er en ny oplevelse med lokale ingredienser.<\/p><\/div><div class=\"uagb-ifb-image-content\"><img decoding=\"async\" src=\"https:\/\/baglokal.dk\/wp-content\/uploads\/2024\/06\/testimonial-skip-03.jpg\" alt=\"\" width=\"60\" height=\"60\" loading=\"lazy\"\/><\/div><p class=\"uagb-ifb-desc\">Clara&amp; Emil<\/p><\/div><\/div><\/div>\n<\/div>\n<\/div>\n<\/div><\/div>\n\n\n\n<div class=\"wp-block-uagb-container uagb-block-a0200235 alignfull uagb-is-root-container\"><div class=\"uagb-container-inner-blocks-wrap\">\n<div class=\"wp-block-uagb-call-to-action uagb-block-c9597051 wp-block-button\"><div class=\"uagb-cta__wrap\"><h2 class=\"uagb-cta__title\">Se vores seneste arbejde p\u00e5 Instagram<\/h2><\/div><div class=\"uagb-cta__buttons\"><a href=\"#\" class=\"uagb-cta__button-link-wrapper wp-block-button__link\" target=\"_self\" rel=\"noopener noreferrer\">F\u00f8lg os p\u00e5 Instagram<\/a><\/div><\/div>\n\n\n\n<div class=\"wp-block-uagb-container uagb-layout-grid uagb-block-1e9a4002\">\n<div class=\"wp-block-uagb-image uagb-block-4675924b wp-block-uagb-image--layout-default wp-block-uagb-image--effect-static wp-block-uagb-image--align-none\"><figure class=\"wp-block-uagb-image__figure\"><img decoding=\"async\" srcset=\"https:\/\/baglokal.dk\/wp-content\/uploads\/2024\/12\/pexels-photo-7613429.jpeg ,https:\/\/baglokal.dk\/wp-content\/uploads\/2024\/12\/pexels-photo-7613429.jpeg 780w, https:\/\/baglokal.dk\/wp-content\/uploads\/2024\/12\/pexels-photo-7613429.jpeg 360w\" sizes=\"auto, (max-width: 480px) 150px\" src=\"https:\/\/baglokal.dk\/wp-content\/uploads\/2024\/12\/pexels-photo-7613429.jpeg\" alt=\"\" class=\"uag-image-10\" width=\"262\" height=\"262\" title=\"my-work-01\" loading=\"lazy\" role=\"img\"\/><\/figure><\/div>\n\n\n\n<div class=\"wp-block-uagb-image uagb-block-6fe0df3f wp-block-uagb-image--layout-default wp-block-uagb-image--effect-static wp-block-uagb-image--align-none\"><figure class=\"wp-block-uagb-image__figure\"><img decoding=\"async\" srcset=\"https:\/\/baglokal.dk\/wp-content\/uploads\/2024\/12\/pexels-photo-26925530.jpeg ,https:\/\/baglokal.dk\/wp-content\/uploads\/2024\/12\/pexels-photo-26925530.jpeg 780w, https:\/\/baglokal.dk\/wp-content\/uploads\/2024\/12\/pexels-photo-26925530.jpeg 360w\" sizes=\"auto, (max-width: 480px) 150px\" src=\"https:\/\/baglokal.dk\/wp-content\/uploads\/2024\/12\/pexels-photo-26925530.jpeg\" alt=\"\" class=\"uag-image-11\" width=\"262\" height=\"262\" title=\"my-work-02\" loading=\"lazy\" role=\"img\"\/><\/figure><\/div>\n\n\n\n<div class=\"wp-block-uagb-image uagb-block-37cfb130 wp-block-uagb-image--layout-default wp-block-uagb-image--effect-static wp-block-uagb-image--align-none\"><figure class=\"wp-block-uagb-image__figure\"><img decoding=\"async\" srcset=\"https:\/\/baglokal.dk\/wp-content\/uploads\/2024\/12\/pexels-photo-7782955.jpeg ,https:\/\/baglokal.dk\/wp-content\/uploads\/2024\/12\/pexels-photo-7782955.jpeg 780w, https:\/\/baglokal.dk\/wp-content\/uploads\/2024\/12\/pexels-photo-7782955.jpeg 360w\" sizes=\"auto, (max-width: 480px) 150px\" src=\"https:\/\/baglokal.dk\/wp-content\/uploads\/2024\/12\/pexels-photo-7782955.jpeg\" alt=\"\" class=\"uag-image-7\" width=\"262\" height=\"262\" title=\"my-work-03\" loading=\"lazy\" role=\"img\"\/><\/figure><\/div>\n\n\n\n<div class=\"wp-block-uagb-image uagb-block-31249b68 wp-block-uagb-image--layout-default wp-block-uagb-image--effect-static wp-block-uagb-image--align-none\"><figure class=\"wp-block-uagb-image__figure\"><img decoding=\"async\" srcset=\"https:\/\/baglokal.dk\/wp-content\/uploads\/2024\/12\/pexels-photo-8003946.jpeg ,https:\/\/baglokal.dk\/wp-content\/uploads\/2024\/12\/pexels-photo-8003946.jpeg 780w, https:\/\/baglokal.dk\/wp-content\/uploads\/2024\/12\/pexels-photo-8003946.jpeg 360w\" sizes=\"auto, (max-width: 480px) 150px\" src=\"https:\/\/baglokal.dk\/wp-content\/uploads\/2024\/12\/pexels-photo-8003946.jpeg\" alt=\"\" class=\"uag-image-8\" width=\"262\" height=\"262\" title=\"my-work-04\" loading=\"lazy\" role=\"img\"\/><\/figure><\/div>\n\n\n\n<div class=\"wp-block-uagb-image uagb-block-4f36728d wp-block-uagb-image--layout-default wp-block-uagb-image--effect-static wp-block-uagb-image--align-none uag-hide-tab\"><figure class=\"wp-block-uagb-image__figure\"><img decoding=\"async\" srcset=\"https:\/\/baglokal.dk\/wp-content\/uploads\/2024\/12\/pexels-photo-3663347.jpeg ,https:\/\/baglokal.dk\/wp-content\/uploads\/2024\/12\/pexels-photo-3663347.jpeg 780w, https:\/\/baglokal.dk\/wp-content\/uploads\/2024\/12\/pexels-photo-3663347.jpeg 360w\" sizes=\"auto, (max-width: 480px) 150px\" src=\"https:\/\/baglokal.dk\/wp-content\/uploads\/2024\/12\/pexels-photo-3663347.jpeg\" alt=\"\" class=\"uag-image-9\" width=\"262\" height=\"262\" title=\"my-work-05\" loading=\"lazy\" role=\"img\"\/><\/figure><\/div>\n<\/div>\n<\/div><\/div>\n\n\n\n<div class=\"wp-block-uagb-container uagb-block-9f047c00 alignfull uagb-is-root-container\"><div class=\"uagb-container-inner-blocks-wrap\">\n<div class=\"wp-block-uagb-container uagb-block-8ac3f7a9\">\n<div class=\"wp-block-uagb-info-box uagb-block-8023fb24 uagb-infobox__content-wrap  uagb-infobox-icon-above-title uagb-infobox-image-valign-top\"><div class=\"uagb-ifb-content\"><div class=\"uagb-ifb-title-wrap\"><h2 class=\"uagb-ifb-title\">Bliv en del af vores bagesamfund!<\/h2><\/div><p class=\"uagb-ifb-desc\">Tilmeld dig vores nyhedsbrev og modtag de nyeste opskrifter, kurser og tilbud direkte i din indbakke.<\/p><div class=\"uagb-ifb-button-wrapper wp-block-button\"><a href=\"#\" class=\"uagb-infobox-cta-link wp-block-button__link\" target=\"_self\" rel=\"noopener noreferrer\" onclick=\"return false;\"><span class=\"uagb-inline-editing\">Start at bage<\/span><\/a><\/div><\/div><\/div>\n<\/div>\n<\/div><\/div>\n","protected":false},"excerpt":{"rendered":"<p>H\u00f8r hvad vores kunder siger L\u00e6s om de fantastiske oplevelser, som vores dedikerede bagere har haft ved at bruge lokale [&hellip;]<\/p>\n","protected":false},"author":1,"featured_media":0,"parent":0,"menu_order":0,"comment_status":"closed","ping_status":"closed","template":"","meta":{"_uag_custom_page_level_css":"","site-sidebar-layout":"default","site-content-layout":"","ast-site-content-layout":"","site-content-style":"default","site-sidebar-style":"default","ast-global-header-display":"","ast-banner-title-visibility":"","ast-main-header-display":"","ast-hfb-above-header-display":"","ast-hfb-below-header-display":"","ast-hfb-mobile-header-display":"","site-post-title":"disabled","ast-breadcrumbs-content":"","ast-featured-img":"","footer-sml-layout":"","theme-transparent-header-meta":"","adv-header-id-meta":"","stick-header-meta":"","header-above-stick-meta":"","header-main-stick-meta":"","header-below-stick-meta":"","astra-migrate-meta-layouts":"default","ast-page-background-enabled":"default","ast-page-background-meta":{"desktop":{"background-color":"var(--ast-global-color-4)","background-image":"","background-repeat":"repeat","background-position":"center center","background-size":"auto","background-attachment":"scroll","background-type":"","background-media":"","overlay-type":"","overlay-color":"","overlay-opacity":"","overlay-gradient":""},"tablet":{"background-color":"","background-image":"","background-repeat":"repeat","background-position":"center center","background-size":"auto","background-attachment":"scroll","background-type":"","background-media":"","overlay-type":"","overlay-color":"","overlay-opacity":"","overlay-gradient":""},"mobile":{"background-color":"","background-image":"","background-repeat":"repeat","background-position":"center center","background-size":"auto","background-attachment":"scroll","background-type":"","background-media":"","overlay-type":"","overlay-color":"","overlay-opacity":"","overlay-gradient":""}},"ast-content-background-meta":{"desktop":{"background-color":"var(--ast-global-color-5)","background-image":"","background-repeat":"repeat","background-position":"center center","background-size":"auto","background-attachment":"scroll","background-type":"","background-media":"","overlay-type":"","overlay-color":"","overlay-opacity":"","overlay-gradient":""},"tablet":{"background-color":"var(--ast-global-color-5)","background-image":"","background-repeat":"repeat","background-position":"center center","background-size":"auto","background-attachment":"scroll","background-type":"","background-media":"","overlay-type":"","overlay-color":"","overlay-opacity":"","overlay-gradient":""},"mobile":{"background-color":"var(--ast-global-color-5)","background-image":"","background-repeat":"repeat","background-position":"center center","background-size":"auto","background-attachment":"scroll","background-type":"","background-media":"","overlay-type":"","overlay-color":"","overlay-opacity":"","overlay-gradient":""}},"footnotes":""},"class_list":["post-35","page","type-page","status-publish","hentry"],"uagb_featured_image_src":{"full":false,"thumbnail":false,"medium":false,"medium_large":false,"large":false,"1536x1536":false,"2048x2048":false},"uagb_author_info":{"display_name":"admin","author_link":"https:\/\/baglokal.dk\/?author=1"},"uagb_comment_info":0,"uagb_excerpt":"H\u00f8r hvad vores kunder siger L\u00e6s om de fantastiske oplevelser, som vores dedikerede bagere har haft ved at bruge lokale [&hellip;]","_links":{"self":[{"href":"https:\/\/baglokal.dk\/index.php?rest_route=\/wp\/v2\/pages\/35","targetHints":{"allow":["GET"]}}],"collection":[{"href":"https:\/\/baglokal.dk\/index.php?rest_route=\/wp\/v2\/pages"}],"about":[{"href":"https:\/\/baglokal.dk\/index.php?rest_route=\/wp\/v2\/types\/page"}],"author":[{"embeddable":true,"href":"https:\/\/baglokal.dk\/index.php?rest_route=\/wp\/v2\/users\/1"}],"replies":[{"embeddable":true,"href":"https:\/\/baglokal.dk\/index.php?rest_route=%2Fwp%2Fv2%2Fcomments&post=35"}],"version-history":[{"count":2,"href":"https:\/\/baglokal.dk\/index.php?rest_route=\/wp\/v2\/pages\/35\/revisions"}],"predecessor-version":[{"id":603,"href":"https:\/\/baglokal.dk\/index.php?rest_route=\/wp\/v2\/pages\/35\/revisions\/603"}],"wp:attachment":[{"href":"https:\/\/baglokal.dk\/index.php?rest_route=%2Fwp%2Fv2%2Fmedia&parent=35"}],"curies":[{"name":"wp","href":"https:\/\/api.w.org\/{rel}","templated":true}]}}